{"id":24,"date":"2017-03-23T21:23:41","date_gmt":"2017-03-23T21:23:41","guid":{"rendered":"http:\/\/infodebuses.recorrido.cl\/?page_id=24"},"modified":"2018-01-24T13:52:50","modified_gmt":"2018-01-24T19:52:50","slug":"inicio","status":"publish","type":"page","link":"https:\/\/www.horariosdeonibus.com.br\/pt-br\/","title":{"rendered":"Inicio"},"content":{"rendered":"<h1>Informa\u00e7\u00e3o do hor\u00e1rios e passagens de \u00f4nibus no Brasil<\/h1>\n<p>No hor\u00e1riosde\u00f4nibus.com.br voc\u00ea pode encontrar todas as informa\u00e7\u00f5es antes de fazer sua viagem de \u00f4nibus no Brasil. Conhe\u00e7a os destinos, os hor\u00e1rios e os dados de mais de 100 empresas de \u00f4nibus.<\/p>\n<h2>Empresas de \u00f4nibus em destaque em hor\u00e1riosde\u00f4nibus.com.br:<\/h2>\n<table border=\"1\" cellspacing=\"1\" cellpadding=\"1\">\n<tbody>\n<tr>\n<td>\n<h2><a href=\"https:\/\/www.horariosdeonibus.com.br\/onibus\/itapemirim\/\">Itapemirim<\/a><\/h2>\n<\/td>\n<td>\n<h2><img loading=\"lazy\" class=\"aligncenter size-full wp-image-590\" src=\"http:\/\/www.horariosdeonibus.com.br\/wp-content\/uploads\/2018\/01\/itapemirim-logo-e1516495808510.jpg\" alt=\"itapemirim\" width=\"180\" height=\"37\" \/><\/h2>\n<\/td>\n<\/tr>\n<tr>\n<td>\n<h2><a href=\"https:\/\/www.horariosdeonibus.com.br\/onibus\/viacao-1001\/\">Via\u00e7ao 1001<\/a><\/h2>\n<\/td>\n<td>\n<h2><img loading=\"lazy\" class=\"aligncenter size-full wp-image-587\" src=\"http:\/\/www.horariosdeonibus.com.br\/wp-content\/uploads\/2018\/01\/viacao-1001-e1516388964954.png\" alt=\"logo viacao 1001\" width=\"280\" height=\"90\" \/><\/h2>\n<\/td>\n<\/tr>\n<tr>\n<td>\n<h2><a href=\"https:\/\/www.horariosdeonibus.com.br\/onibus\/viacao-catarinense\/\">Via\u00e7ao Catarinense<\/a><\/h2>\n<\/td>\n<td>\n<h2>\u00a0<img loading=\"lazy\" class=\"aligncenter size-full wp-image-579\" src=\"http:\/\/www.horariosdeonibus.com.br\/wp-content\/uploads\/2017\/11\/via\u00e7\u00e3o-catarinense-logotipo.png\" alt=\"\" width=\"190\" height=\"24\" \/><\/h2>\n<\/td>\n<\/tr>\n<tr>\n<td>\n<h2><a href=\"https:\/\/www.horariosdeonibus.com.br\/onibus\/viacao-progresso\/\">Via\u00e7ao Progresso<\/a><\/h2>\n<\/td>\n<td>\n<h2><img loading=\"lazy\" class=\"aligncenter size-full wp-image-576\" src=\"http:\/\/www.horariosdeonibus.com.br\/wp-content\/uploads\/2017\/11\/autovia\u00e7\u00e3o-progresso-logotipo.png\" alt=\"autovia\u00e7\u00e3o-progresso\" width=\"332\" height=\"47\" srcset=\"https:\/\/www.horariosdeonibus.com.br\/wp-content\/uploads\/2017\/11\/autovia\u00e7\u00e3o-progresso-logotipo.png 332w, https:\/\/www.horariosdeonibus.com.br\/wp-content\/uploads\/2017\/11\/autovia\u00e7\u00e3o-progresso-logotipo-300x42.png 300w\" sizes=\"(max-width: 332px) 100vw, 332px\" \/><\/h2>\n<\/td>\n<\/tr>\n<tr>\n<td>\n<h2>\u00a0<a href=\"https:\/\/www.horariosdeonibus.com.br\/onibus\/viacao-cometa\/\">Via\u00e7ao Cometa<\/a><\/h2>\n<\/td>\n<td>\n<h2><img loading=\"lazy\" class=\"aligncenter size-full wp-image-565\" src=\"http:\/\/www.horariosdeonibus.com.br\/wp-content\/uploads\/2017\/11\/viacao-cometa-logo.jpg\" alt=\"\" width=\"200\" height=\"80\" \/><\/h2>\n<\/td>\n<\/tr>\n<tr>\n<td>\n<h2><a href=\"https:\/\/www.horariosdeonibus.com.br\/onibus\/expresso-de-prata\/\">Expresso de Prata<\/a><\/h2>\n<\/td>\n<td>\n<h2><img loading=\"lazy\" class=\"aligncenter size-full wp-image-555\" src=\"http:\/\/www.horariosdeonibus.com.br\/wp-content\/uploads\/2017\/11\/expresso-de-prata-e1510858412681.png\" alt=\"expresso-de-prata\" width=\"125\" height=\"70\" \/><\/h2>\n<\/td>\n<\/tr>\n<tr>\n<td>\n<h2><a href=\"https:\/\/www.horariosdeonibus.com.br\/onibus\/viacao-xavante\/\">Via\u00e7ao Xavante<\/a><\/h2>\n<\/td>\n<td>\n<h2><img loading=\"lazy\" class=\"aligncenter size-full wp-image-548\" src=\"http:\/\/www.horariosdeonibus.com.br\/wp-content\/uploads\/2017\/11\/logotipo-via\u00e7\u00e3o-xavante.png\" alt=\"Via\u00e7\u00e3o-Xavante\" width=\"175\" height=\"53\" \/><\/h2>\n<\/td>\n<\/tr>\n<tr>\n<td>\n<h2><a href=\"https:\/\/www.horariosdeonibus.com.br\/onibus\/aguia-branca\/\">Aguia Branca<\/a><\/h2>\n<\/td>\n<td>\n<h2>\u00a0<img loading=\"lazy\" class=\"aligncenter size-full wp-image-542\" src=\"http:\/\/www.horariosdeonibus.com.br\/wp-content\/uploads\/2017\/11\/logo-aguia-branca-e1510686977199.png\" alt=\"\" width=\"310\" height=\"65\" \/><\/h2>\n<\/td>\n<\/tr>\n<tr>\n<td>\n<h2><a href=\"https:\/\/www.horariosdeonibus.com.br\/onibus\/viacao-garcia\/\">Via\u00e7ao Garcia<\/a><\/h2>\n<\/td>\n<td>\n<h2><img loading=\"lazy\" class=\"aligncenter size-full wp-image-539\" src=\"http:\/\/www.horariosdeonibus.com.br\/wp-content\/uploads\/2017\/11\/viacao-garcia-logo-e1510682436110.png\" alt=\"logo viacao garcia\" width=\"350\" height=\"47\" \/><\/h2>\n<\/td>\n<\/tr>\n<tr>\n<td>\n<h2><a href=\"https:\/\/www.horariosdeonibus.com.br\/onibus\/passaro-marron\/\">P\u00e1ssaro Marron<\/a><\/h2>\n<\/td>\n<td>\n<h2><img loading=\"lazy\" class=\"aligncenter size-full wp-image-600\" src=\"http:\/\/www.horariosdeonibus.com.br\/wp-content\/uploads\/2018\/01\/passaro-marron-logo-e1516756986531.png\" alt=\"passaro-marron\" width=\"180\" height=\"101\" \/><\/h2>\n<\/td>\n<\/tr>\n<tr>\n<td>\n<h2><a href=\"https:\/\/www.horariosdeonibus.com.br\/onibus\/andorinha\/\">Andorinha<\/a><\/h2>\n<\/td>\n<td>\n<h2><img loading=\"lazy\" class=\"size-full wp-image-534 aligncenter\" src=\"http:\/\/www.horariosdeonibus.com.br\/wp-content\/uploads\/2017\/11\/Andorinha-logotipo-e1510604538685.png\" alt=\"logo Andorinha\" width=\"270\" height=\"60\" \/><\/h2>\n<\/td>\n<\/tr>\n<tr>\n<td>\n<h2><a href=\"https:\/\/www.horariosdeonibus.com.br\/onibus\/viacao-riodoce\/\">Via\u00e7ao Riodoce<\/a><\/h2>\n<\/td>\n<td>\n<h2><img loading=\"lazy\" class=\"aligncenter size-full wp-image-530\" src=\"http:\/\/www.horariosdeonibus.com.br\/wp-content\/uploads\/2017\/11\/viacao-riodoce-logo.png\" alt=\"\" width=\"276\" height=\"60\" \/><\/h2>\n<\/td>\n<\/tr>\n<\/tbody>\n<\/table>\n","protected":false},"excerpt":{"rendered":"<p>Informa\u00e7\u00e3o do hor\u00e1rios e passagens de \u00f4nibus no Brasil No hor\u00e1riosde\u00f4nibus.com.br voc\u00ea pode encontrar todas as informa\u00e7\u00f5es antes de fazer sua viagem de \u00f4nibus no Brasil. Conhe\u00e7a os destinos, os hor\u00e1rios e os dados de mais de 100 empresas de \u00f4nibus. Empresas de \u00f4nibus em destaque em hor\u00e1riosde\u00f4nibus.com.br: Itapemirim Via\u00e7ao 1001 Via\u00e7ao Catarinense \u00a0 Via\u00e7ao [&hellip;]<\/p>\n","protected":false},"author":3,"featured_media":0,"parent":0,"menu_order":0,"comment_status":"closed","ping_status":"closed","template":"","meta":{"_monsterinsights_skip_tracking":false,"_monsterinsights_sitenote_active":false,"_monsterinsights_sitenote_note":"","_monsterinsights_sitenote_category":0},"_links":{"self":[{"href":"https:\/\/www.horariosdeonibus.com.br\/pt-br\/wp-json\/wp\/v2\/pages\/24"}],"collection":[{"href":"https:\/\/www.horariosdeonibus.com.br\/pt-br\/wp-json\/wp\/v2\/pages"}],"about":[{"href":"https:\/\/www.horariosdeonibus.com.br\/pt-br\/wp-json\/wp\/v2\/types\/page"}],"author":[{"embeddable":true,"href":"https:\/\/www.horariosdeonibus.com.br\/pt-br\/wp-json\/wp\/v2\/users\/3"}],"replies":[{"embeddable":true,"href":"https:\/\/www.horariosdeonibus.com.br\/pt-br\/wp-json\/wp\/v2\/comments?post=24"}],"version-history":[{"count":0,"href":"https:\/\/www.horariosdeonibus.com.br\/pt-br\/wp-json\/wp\/v2\/pages\/24\/revisions"}],"wp:attachment":[{"href":"https:\/\/www.horariosdeonibus.com.br\/pt-br\/wp-json\/wp\/v2\/media?parent=24"}],"curies":[{"name":"wp","href":"https:\/\/api.w.org\/{rel}","templated":true}]}}